{"id":373,"date":"2025-04-27T20:37:44","date_gmt":"2025-04-27T20:37:44","guid":{"rendered":"https:\/\/sadaqaty.fr\/?page_id=373"},"modified":"2025-04-27T22:08:17","modified_gmt":"2025-04-27T22:08:17","slug":"commande","status":"publish","type":"page","link":"https:\/\/sadaqaty.fr\/index.php\/commande\/","title":{"rendered":"Commande"},"content":{"rendered":"<div id=\"lfb_bootstraped\" class=\"lfb_bootstraped notranslate\"><div id=\"lfb_form\" data-usevisual=\"1\" data-progressbar=\"0\" data-qttype=\"0\" data-imgtitlesstyle=\"\" data-emaillaststep=\"0\"       data-formtitle=\"SADAQA\" data-formsession=\"69d511d16dde3\" data-autoclick=\"0\"  data-subs=\"\" data-form=\"1\" class=\"lfb_bootstraped  lfb_fullscreen\" data-stylefields=\"glassmorphic\" data-animspeed=\"0.5\" data-sumstepsclick=\"0\" data-sumhidesteps=\"0\">\r\n                <div id=\"lfb_loader\"><div class=\"lfb_spinner\"><div class=\"double-bounce1\"><\/div><div class=\"double-bounce2\"><\/div><\/div><\/div><div id=\"lfb_passModal\" class=\"modal\" data-backdrop=\"\"><div class=\"modal-dialog\"><div class=\"modal-content\"><div class=\"modal-header\"><span class=\"fas fa-lock\"><\/span><span>Envoyer moi mon mot de passe<\/span><a href=\"javascript:\" class=\"close\" data-bs-dismiss=\"modal\" aria-label=\"Close\"><span class=\"fas fa-times\"><\/span><\/a><\/div> <div class=\"modal-body p-0\">Votre mot de passe a \u00e9t\u00e9 envoy\u00e9 par email<\/div><div class=\"modal-footer\"><a href=\"javascript:\"  data-bs-dismiss=\"modal\" class=\"btn btn-primary btn-circle\"><span class=\"fas fa-check\"><\/span><\/a><\/div><\/div><\/div><\/div><div id=\"lfb_stripeModal\" class=\"modal\" data-backdrop=\"\"><div class=\"modal-dialog\"><div class=\"modal-content\"><div class=\"modal-header\"><div><span class=\"fab fa-cc-stripe\"><\/span><span>Effectuer un paiement<\/span><\/div><a href=\"javascript:\" class=\"close\" data-bs-dismiss=\"modal\" aria-label=\"Close\"><span class=\"fas fa-times\"><\/span><\/a><\/div> <div class=\"modal-body p-0\"><div data-panel=\"form\" class=\"p-2\"><div class=\"lfb_amountTextContainer\" class=\"p-2 mb-3 \"><div class=\"m-0 lfb_amountText text-center pb-2\">Total \u00e0 r\u00e9gler :<br\/> <strong data-info=\"amount\">$5<\/strong><\/div><\/div><form method=\"post\" id=\"lfb_stripePaymentForm\" class=\"pl-4 pr-4 pt-3\" ><div class=\"row\"><div class=\"form-group col-md-6\"><div id=\"lfb_stripe_card-element\" class=\"form-control\"><\/div><\/div><div class=\"form-group col-md-3\"><div id=\"lfb_stripe_expiration-element\" class=\"form-control\"><\/div><\/div><div class=\"form-group col-md-3\"><div id=\"lfb_stripe_cvc-element\" class=\"form-control\"><\/div><\/div><div id=\"lfb_stripe_card-error\" class=\" col-md-12\"><\/div><div class=\"form-group col-md-12\"><input placeholder=\"Nom du propr\u00e9taire de la carte\" name=\"ownerName\" class=\"form-control\" type=\"text\"\/><\/div><\/div><\/form><div class=\"text-center lfb_stripeLogoContainer\"><img decoding=\"async\" class=\"lfb_stripeLogo\" src=\"https:\/\/sadaqaty.fr\/wp-content\/plugins\/WP_Estimation_Form\/assets\/img\/powered_by_stripe@2x.png\" alt=\"Powered by Stripe\" \/><\/div><\/div><div data-panel=\"loading\"><div class=\" text-center\"><span class=\"fas fa-hourglass-half big\"><\/span><\/div><\/div><div data-panel=\"fail\"><div class=\"text-center\"><p><span class=\"fas fa-times big\"><\/span><\/p><div>Le paiement n'a pas pu \u00eatre effectu\u00e9<\/div><div data-info=\"error\" class=\"text-center\"><\/div><\/div><\/div><\/div><div class=\"modal-footer\"><a href=\"javascript:\" data-action=\"pay\"  class=\"btn btn-primary\"><span class=\"fas fa-check\"><\/span>Payer maintenant<\/a><\/div><\/div><\/div><\/div><div id=\"lfb_verificationModal\" class=\"modal\" data-backdrop=\"\"><div class=\"modal-dialog\"><div class=\"modal-content\"><div class=\"modal-body\"><div class=\"form-group\"><label>Remplir le code re\u00e7u par email<\/label><div class=\"lfb_verification-code-inputs\"><input type=\"text\" class=\"form-control lfb_verification-char\" maxlength=\"1\" name=\"verificationCode[]\" \/><input type=\"text\" class=\"form-control lfb_verification-char\" maxlength=\"1\" name=\"verificationCode[]\" \/><input type=\"text\" class=\"form-control lfb_verification-char\" maxlength=\"1\" name=\"verificationCode[]\" \/><input type=\"text\" class=\"form-control lfb_verification-char\" maxlength=\"1\" name=\"verificationCode[]\" \/><input type=\"text\" class=\"form-control lfb_verification-char\" maxlength=\"1\" name=\"verificationCode[]\" \/><input type=\"text\" class=\"form-control lfb_verification-char\" maxlength=\"1\" name=\"verificationCode[]\" \/><\/div><\/div><\/div><\/div><\/div><\/div><a id=\"lfb_close_btn\" href=\"javascript:\"><span class=\"fas fa-times\"><\/span><\/a>\r\n                <div id=\"lfb_panel\">\r\n                <div class=\"container-fluid\">\r\n                    <div class=\"row\">\r\n                        <div class=\"\" ><div id=\"startInfos\" class=\"\"><h1 id=\"lfb_mainFormTitle\">COMMANDE DE MON SACRIFICE<\/h1>\r\n                        <p>Commander votre agneau ou veau en quelques clics<\/p>\r\n                            <\/div><p class=\"lfb_startBtnContainer \">\r\n                                <a href=\"javascript:\"  class=\"btn btn-large btn-primary\" id=\"lfb_btnStart\"><span class=\"fa fa-thumbs-up\"><\/span>BISMILLAH !<\/a>\r\n                            <\/p> <div id=\"genPrice\" class=\"genPrice \">\r\n                                <div class=\"progress\">\r\n                                    <div class=\"progress-bar\">\r\n                                        <div class=\"progress-bar-price \">\r\n                                            <span>0$<\/span>\r\n                                            \r\n                                        <\/div>\r\n                                    <\/div>\r\n\r\n                                <\/div>\r\n                            <\/div>\r\n                            <!-- \/genPrice --><h2 id=\"finalText\" class=\"lfb_stepTitle\">Baarak Allahoufikoum et qu\\'Allah accepte. Un membre de l\\'association vous contactera tr\u00e8s rapidement incha Allah.<\/h2>\r\n                        <\/div>\r\n                        <!-- \/col -->\r\n                    <\/div>\r\n                    <!-- \/row -->\r\n                <div id=\"lfb_mainPanel\" class=\"palette-clouds\" data-savecart=\"0\"> <input type=\"hidden\" name=\"action\" value=\"lfb_upload_form\"\/>\r\n                <input type=\"hidden\" id=\"lfb_formSession\" name=\"formSession\" value=\"69d511d16dde3\"\/><div class=\"lfb_genSlide\" data-start=\"1\"    data-showstepsum=\"1\" data-stepid=\"9\" data-title=\"Agneau ou Veau ?\" data-required=\"true\" data-dependitem=\"0\">\t<h2 class=\"lfb_stepTitle\">Agneau ou Veau ?<\/h2>\t<div class=\"lfb_genContent container lfb_noDes\" >\t\t<div class=\"row lfb_row  lfb_sortable\"><div class=\"lfb_itemBloc col-md-12  lfb_item lfb_itemContainer_240   lfb_row row\"     data-id=\"240\" data-columns=\"[{&quot;id&quot;:&quot;611a637148b02&quot;,&quot;size&quot;:&quot;1\\\/6&quot;},{&quot;id&quot;:&quot;611a637148e2c&quot;,&quot;size&quot;:&quot;1\\\/6&quot;}]\" data-itemtype=\"row\"><div class=\"lfb_column lfb_sortable col-md-2\" data-columnid=\"611a637148b02\"><div class=\"lfb_itemBloc  lfb_item lfb_itemContainer_22   lfb_picRow\" data-id=\"22\"   data-itemtype=\"picture\"><div data-imagetype=\"\" data-urlvariable=\"0\" data-sentattribute=\"price\" data-variablename=\"\" data-shadowfx=\"0\" data-html=\"true\"  class=\"lfb_selectable  \"                   data-showinsummary=\"true\" data-woovar=\"0\" data-eddvar=\"0\" data-reduc=\"0\" data-reducqt=\"\"  data-operation=\"+\" data-itemid=\"22\"  data-group=\"web_or_website\"  data-prodid=\"0\" data-title=\"Agneau\" data-toggle=\"tooltip\" title=\"Agneau\" data-originaltitle=\"Agneau\" data-originallabel=\"Agneau\" data-bs-placement=\"bottom\" data-price=\"160\" data-addtototal=\"0\" data-iconstyle=\"zoom\" data-flipfx=\"1\" data-quantityenabled=\"1\" data-defaultqt=\"0\"  ><img decoding=\"async\" data-no-lazy=\"1\" data-tint=\"true\" src=\"https:\/\/sadaqaty.fr\/wp-content\/uploads\/2025\/04\/sheep-icon@2x-1.webp\" alt=\"\" class=\"lfb_selectableImg img webp\" \/><span class=\"fas fa-check lfb_fxZoom icon_select\"><\/span><div class=\"quantityBtns\" data-qtdefault=\"0\" data-max=\"5\" data-min=\"1\">\r\n                                                <a href=\"javascript:\" data-btn=\"less\">-<\/a>\r\n                                                <a href=\"javascript:\" data-btn=\"more\">+<\/a>\r\n                                                <\/div><span class=\"palette-turquoise icon_quantity\">1<\/span><\/div><\/div><\/div><div class=\"lfb_column lfb_sortable col-md-2\" data-columnid=\"611a637148e2c\"><div class=\"lfb_itemBloc  lfb_item lfb_itemContainer_24   lfb_picRow\" data-id=\"24\"   data-itemtype=\"picture\"><div data-imagetype=\"\" data-urlvariable=\"0\" data-sentattribute=\"price\" data-variablename=\"\" data-shadowfx=\"0\" data-html=\"true\"  class=\"lfb_selectable  \"                   data-showinsummary=\"true\" data-woovar=\"0\" data-eddvar=\"0\" data-reduc=\"0\" data-reducqt=\"\"  data-operation=\"+\" data-itemid=\"24\"  data-group=\"web_or_website\"  data-prodid=\"0\" data-title=\"Veau\" data-toggle=\"tooltip\" title=\"Veau\" data-originaltitle=\"Veau\" data-originallabel=\"Veau\" data-bs-placement=\"bottom\" data-price=\"600\" data-addtototal=\"0\" data-iconstyle=\"zoom\" data-flipfx=\"1\" data-quantityenabled=\"1\" data-defaultqt=\"0\"  ><img decoding=\"async\" data-no-lazy=\"1\" data-tint=\"true\" src=\"https:\/\/sadaqaty.fr\/wp-content\/uploads\/2025\/04\/cow-icon@2x.webp\" alt=\"\" class=\"lfb_selectableImg img webp\" \/><span class=\"fas fa-check lfb_fxZoom icon_select\"><\/span><div class=\"quantityBtns\" data-qtdefault=\"0\" data-max=\"5\" data-min=\"1\">\r\n                                                <a href=\"javascript:\" data-btn=\"less\">-<\/a>\r\n                                                <a href=\"javascript:\" data-btn=\"more\">+<\/a>\r\n                                                <\/div><span class=\"palette-turquoise icon_quantity\">1<\/span><\/div><\/div><\/div><\/div> <\/div> <\/div><div class=\"lfb_errorMsg alert alert-danger\">Vous devez s\u00e9lectionner un \u00e9l\u00e9ment pour continuer<\/div><div class=\"text-center lfb_btnNextContainer\"><a href=\"javascript:\" id=\"lfb_btnNext_9\" class=\"btn btn-wide btn-primary lfb_btn-next \"><span class=\"lfb_btnContent\"><span class=\"fa fa-check\"><\/span>PROCHAINE ETAPE<\/span><\/a><\/div><\/div><div class=\"lfb_genSlide\" data-start=\"0\"    data-showstepsum=\"1\" data-stepid=\"4\" data-title=\"Derniers d\u00e9tails\"  data-dependitem=\"0\">\t<h2 class=\"lfb_stepTitle\">Derniers d\u00e9tails<\/h2>\t<div class=\"lfb_genContent container lfb_noDes\" >\t\t<div class=\"row lfb_row  lfb_sortable\"><div class=\"lfb_itemBloc col-md-12  lfb_item lfb_itemContainer_238   lfb_row row\"     data-id=\"238\" data-columns=\"[{&quot;id&quot;:&quot;611a63714520c&quot;,&quot;size&quot;:&quot;1\\\/1&quot;},{&quot;id&quot;:&quot;611a63714578c&quot;,&quot;size&quot;:&quot;1\\\/1&quot;},{&quot;id&quot;:&quot;611a637145a74&quot;,&quot;size&quot;:&quot;1\\\/1&quot;}]\" data-itemtype=\"row\"><div class=\"lfb_column lfb_sortable col-md-12\" data-columnid=\"611a63714520c\"><div class=\"lfb_itemBloc  lfb_item lfb_itemContainer_18  \"  data-id=\"18\" data-itemtype=\"checkbox\"><div  ><label for=\"cb_18\">Sacrifice nominatif<\/label><br\/><input id=\"cb_18\" data-urlvariable=\"0\" data-sentattribute=\"price\" data-variablename=\"\" type=\"checkbox\"                   data-showinsummary=\"true\"   class=\"\"   data-operation=\"+\" data-originaltitle=\"Sacrifice nominatif\"  data-originallabel=\"Sacrifice nominatif\"  data-itemid=\"18\" data-prodid=\"0\"  data-woovar=\"0\" data-eddvar=\"0\"   data-toggle=\"switch\" data-checkboxstyle=\"switch\"  data-price=\"450\"  data-addtototal=\"0\" data-title=\"Sacrifice nominatif\" \/> <\/div><\/div><\/div><div class=\"lfb_column lfb_sortable col-md-12\" data-columnid=\"611a63714578c\"><div class=\"lfb_itemBloc  lfb_item lfb_itemContainer_19  \"  data-id=\"19\" data-itemtype=\"checkbox\"><div  ><label for=\"cb_19\">Sacrifice film\u00e9<\/label><br\/><input id=\"cb_19\" data-urlvariable=\"0\" data-sentattribute=\"price\" data-variablename=\"\" type=\"checkbox\"                   data-showinsummary=\"true\"   class=\"\"   data-operation=\"+\" data-originaltitle=\"Sacrifice film\u00e9\"  data-originallabel=\"Sacrifice film\u00e9\"  data-itemid=\"19\" data-prodid=\"0\"  data-woovar=\"0\" data-eddvar=\"0\"   data-toggle=\"switch\" data-checkboxstyle=\"switch\"  data-price=\"250\"  data-addtototal=\"0\" data-title=\"Sacrifice film\u00e9\" \/> <\/div><\/div><\/div><div class=\"lfb_column lfb_sortable col-md-12\" data-columnid=\"611a637145a74\"><div class=\"lfb_itemBloc  lfb_item lfb_itemContainer_20  \"  data-id=\"20\" data-itemtype=\"checkbox\"><div  ><label for=\"cb_20\">Sacrifice selon les principes de la Sounnah ?<\/label><br\/><input id=\"cb_20\" data-urlvariable=\"0\" data-sentattribute=\"price\" data-variablename=\"\" type=\"checkbox\"                   data-showinsummary=\"true\"   class=\"\"   data-operation=\"+\" data-originaltitle=\"Sacrifice selon les principes de la Sounnah ?\"  data-originallabel=\"Sacrifice selon les principes de la Sounnah ?\"  data-itemid=\"20\" data-prodid=\"0\"  data-woovar=\"0\" data-eddvar=\"0\"   data-toggle=\"switch\" data-checkboxstyle=\"switch\"  data-price=\"-250\"  data-addtototal=\"0\" data-title=\"Sacrifice selon les principes de la Sounnah ?\" \/> <\/div><\/div><\/div><\/div> <\/div> <\/div><div class=\"lfb_errorMsg alert alert-danger\">Vous devez s\u00e9lectionner un \u00e9l\u00e9ment pour continuer<\/div><div class=\"text-center lfb_btnNextContainer\"><a href=\"javascript:\" id=\"lfb_btnNext_4\" class=\"btn btn-wide btn-primary lfb_btn-next \"><span class=\"lfb_btnContent\"><span class=\"fa fa-check\"><\/span>PROCHAINE ETAPE<\/span><\/a><br\/><div class=\"lfb_linkPreviousCt\"><a href=\"javascript:\"  class=\"linkPrevious\"><span class=\"fa fa-arrow-left me-2\"><\/span>revenir \u00e0 l'\u00e9tape pr\u00e9c\u00e9dente<\/a><\/div><\/div><\/div><div class=\"lfb_genSlide\" id=\"finalSlide\" data-stepid=\"final\" data-title=\"Co\u00fbt final\">\r\n                <h2 class=\"lfb_stepTitle\">Co\u00fbt final<\/h2>\r\n                <div class=\"lfb_genContent container\">\r\n                    <div class=\"row lfb_row lfb_genContentSlide active  lfb_sortable\">\r\n                        <p id=\"lfb_finalLabel\" class=\"\">Le co\u00fbt de votre sacrifice est de :<\/p><div id=\"lfb_finalPrice\" class=\"\"><span><\/span><\/div><div id=\"lfb_subTxtValue\" class=\"lfb_dynamicHide\"><\/div><div class=\"lfb_itemBloc col-md-12  lfb_item lfb_itemContainer_244   lfb_row row\"     data-id=\"244\" data-columns=\"[{&quot;size&quot;:&quot;1\\\/1&quot;,&quot;id&quot;:&quot;611a637150242&quot;},{&quot;size&quot;:&quot;1\\\/1&quot;,&quot;id&quot;:&quot;611a637150874&quot;},{&quot;size&quot;:&quot;1\\\/1&quot;,&quot;id&quot;:&quot;611a637150b99&quot;}]\" data-itemtype=\"row\"><div class=\"lfb_column lfb_sortable col-md-12\" data-columnid=\"611a637150242\"><div class=\"lfb_itemBloc  lfb_item lfb_itemContainer_58  \" data-alignment=\"0\" data-id=\"58\" data-itemtype=\"textfield\"><div class=\"form-group\"><label>Entrer votre email ici<\/label>\r\n                 <input   data-prefill=\"\" data-urlvariable=\"0\" data-sentattribute=\"price\"  data-variablename=\"\"  data-type=\"textfield\" type=\"text\" data-validation=\"email\" data-autocomplete=\"0\" placeholder=\"your@email.here\" data-fieldtype=\"email\"       autocomplete=\"on\" name=\"email\"     data-itemid=\"58\"   data-showinsummary=\"true\"  class=\"form-control\" data-required=\"true\"  data-title=\"Entrer votre email ici\" data-originaltitle=\"Entrer votre email ici\"  data-originallabel=\"Entrer votre email ici\"  \/><\/div><\/div><\/div><div class=\"lfb_column lfb_sortable col-md-12\" data-columnid=\"611a637150874\"><div class=\"lfb_itemBloc  lfb_item lfb_itemContainer_62  \"  data-id=\"62\" data-itemtype=\"checkbox\"><div  ><label for=\"cb_62\">Vous souhaitez nous laisser un message ?<\/label><br\/><input id=\"cb_62\" data-urlvariable=\"0\" data-sentattribute=\"price\" data-variablename=\"\" type=\"checkbox\"                      class=\"\"   data-operation=\"+\" data-originaltitle=\"Vous souhaitez nous laisser un message ?\"  data-originallabel=\"Vous souhaitez nous laisser un message ?\"  data-itemid=\"62\" data-prodid=\"0\"  data-woovar=\"0\" data-eddvar=\"0\"   data-toggle=\"switch\" data-checkboxstyle=\"switch\"  data-price=\"0\"  data-addtototal=\"0\" data-title=\"Vous souhaitez nous laisser un message ?\" \/> <\/div><\/div><\/div><div class=\"lfb_column lfb_sortable col-md-12\" data-columnid=\"611a637150b99\"><div class=\"lfb_itemBloc  lfb_item lfb_itemContainer_63 lfb_disabled \" data-alignment=\"0\" data-id=\"63\" data-itemtype=\"textarea\"><div class=\"form-group\"><label>Vous souhaitez nous laisser un message ?<\/label>\r\n                 <textarea    data-prefill=\"\" data-urlvariable=\"0\" data-sentattribute=\"price\"  data-variablename=\"\" placeholder=\"\"  data-type=\"textarea\" data-itemid=\"63\"  data-useshowconditions=\"true\"      data-showconditions=\"[{\\'interaction\\':\\'0_62\\',\\'action\\':\\'clicked\\'}]\" data-showconditionsoperator=\"\" data-showinsummary=\"true\"  class=\"form-control\"  data-title=\"Vous souhaitez nous laisser un message ?\" data-originaltitle=\"Vous souhaitez nous laisser un message ?\"  data-originallabel=\"Vous souhaitez nous laisser un message ?\" ><\/textarea><\/div><\/div><\/div><\/div>\r\n                   <div id=\"lfb_summary\" class=\"lfb_summary table-responsive \">\r\n                        <h3>R\u00e9capitulatif<\/h3>\r\n                        <table class=\"table table-bordered\">\r\n                            <thead>\r\n                                <th>Description<\/th>\r\n                                <th class=\"lfb_valueTh\">Information<\/th>\r\n                                <th class=\"lfb_quantityTh \">Quantit\u00e9<\/th>\r\n                                <th class=\"lfb_priceTh \">Prix<\/th>\r\n                            <\/thead>\r\n                            <tbody>\r\n                                <tr id=\"lfb_summaryDiscountTr\" class=\"lfb_static \"><th colspan=\"3\">Discount :<\/th><th id=\"lfb_summaryDiscount\"><span><\/span><\/th><\/tr>\r\n                                <tr id=\"lfb_summaryTotalTr\" class=\"lfb_static \"><th colspan=\"3\">Total :<\/th><th id=\"lfb_summaryTotal\"><span><\/span><\/th><\/tr>\r\n                            <\/tbody>\r\n                        <\/table>\r\n                    <\/div><div id=\"lfb_lastStepDown\"><\/div><div id=\"lfb_signatureContainer\"><h3>Signature<\/h3><div id=\"lfb_signature\" class=\"form-control\"><a href=\"javascript:\" id=\"lfb_resetSignature\"><i class=\"fas fa-undo\"><\/i><\/a><\/div><\/div><div class=\"text-center lfb_btnNextContainer\"><a href=\"javascript:\" id=\"lfb_btnOrder\" class=\"btn btn-wide btn-primary\"><span class=\"fa fa-check\"><\/span>COMMANDEZ MON SACRIFICE<\/a><br\/><div class=\"lfb_linkPreviousCt\"><a href=\"javascript:\" class=\"linkPrevious\"><span class=\"fa fa-arrow-left me-2\"><\/span>revenir \u00e0 l'\u00e9tape pr\u00e9c\u00e9dente<\/a><\/div><\/div><div class=\"clearfix\" data-tldinit=\"true\"><\/div><\/div><\/div><\/div><\/div><\/div><\/div><\/div><\/div><p><\/p>","protected":false},"excerpt":{"rendered":"","protected":false},"author":1,"featured_media":0,"parent":0,"menu_order":0,"comment_status":"closed","ping_status":"closed","template":"","meta":{"_citadela_hide_page_title":"1","_citadela_remove_header_space":"","_citadela_custom_class":"","_citadela_half_map_provider":"","_citadela_half_map_theme":"","_citadela_half_map_themeOSM":"","_citadela_half_map_customTheme":"","_citadela_half_map_dataType":"","_citadela_half_map_dynamicTrack":false,"_citadela_half_map_trackColor":"","_citadela_half_map_trackEndpointsColor":"","_citadela_half_map_filterCategory":"","_citadela_half_map_filterLocation":"","_citadela_half_map_filterFeatured":false,"_citadela_half_map_noDataBehavior":"empty-map","_citadela_half_map_noDataText":"","_citadela_half_map_clusterGridSize":80,"_citadela_header":false,"_citadela_header_over_content":false,"_citadela_header_text_color":"","_citadela_header_logo":[],"_citadela_header_bg_image":[],"_citadela_header_bg_position":{"x":0.5,"y":0.5},"_citadela_header_bg_size":"cover","_citadela_header_bg_repeat":"no-repeat","_citadela_header_bg_fixed":false,"_citadela_header_bg_color":"","_citadela_header_bg_image_overlay":"","_citadela_header_transparent_bg":false,"_citadela_content_width":"default","_citadela_half_layout_position":"","footnotes":""},"class_list":["post-373","page","type-page","status-publish","hentry"],"_links":{"self":[{"href":"https:\/\/sadaqaty.fr\/index.php\/wp-json\/wp\/v2\/pages\/373","targetHints":{"allow":["GET"]}}],"collection":[{"href":"https:\/\/sadaqaty.fr\/index.php\/wp-json\/wp\/v2\/pages"}],"about":[{"href":"https:\/\/sadaqaty.fr\/index.php\/wp-json\/wp\/v2\/types\/page"}],"author":[{"embeddable":true,"href":"https:\/\/sadaqaty.fr\/index.php\/wp-json\/wp\/v2\/users\/1"}],"replies":[{"embeddable":true,"href":"https:\/\/sadaqaty.fr\/index.php\/wp-json\/wp\/v2\/comments?post=373"}],"version-history":[{"count":3,"href":"https:\/\/sadaqaty.fr\/index.php\/wp-json\/wp\/v2\/pages\/373\/revisions"}],"predecessor-version":[{"id":387,"href":"https:\/\/sadaqaty.fr\/index.php\/wp-json\/wp\/v2\/pages\/373\/revisions\/387"}],"wp:attachment":[{"href":"https:\/\/sadaqaty.fr\/index.php\/wp-json\/wp\/v2\/media?parent=373"}],"curies":[{"name":"wp","href":"https:\/\/api.w.org\/{rel}","templated":true}]}}